{"id":194,"date":"2015-10-11T14:04:22","date_gmt":"2015-10-11T14:04:22","guid":{"rendered":"http:\/\/freundeskreis-asyl-pliezhausen.de\/?page_id=194"},"modified":"2019-11-06T09:42:25","modified_gmt":"2019-11-06T09:42:25","slug":"termine","status":"publish","type":"page","link":"http:\/\/freundeskreis-asyl-pliezhausen.de\/?page_id=194","title":{"rendered":"Termine"},"content":{"rendered":"<p><span style=\"color: #ff0000;\"><strong>N\u00e4chste TERMINE:<\/strong><\/span><\/p>\n<p><span style=\"color: #0000ff;\">Unser<strong> &#8222;Caf\u00e9 International&#8220;<\/strong> \u00f6ffnen wir in der k\u00e4lteren Jahreszeit, also jetzt wieder, &#8222;Caf\u00e9 K\u00e4nnle&#8220;,<\/span><br \/>\n<span style=\"color: #0000ff;\">zirka 1x im Monat freitags jeweils ab 15.30 Uhr<br \/>\n<\/span><\/p>\n<p><span style=\"color: #000000;\"><span style=\"color: #ff0000;\"><strong>Demn\u00e4chst also am<br \/>\n<\/strong><\/span><\/span><strong>Freitag, 08.11.2019<\/strong><\/p>\n<p><span style=\"color: #0000ff;\"><strong>Die weiteren Termine auch wieder im K\u00e4nnle<\/strong><\/span><br \/>\n<strong>Fr. 13.Dez. 2019<\/strong><br \/>\n<strong>Fr. 17. Jan. 2020<\/strong><br \/>\n<strong>Fr. 14. Febr. 2020<\/strong><br \/>\n<strong>Fr. 13. M\u00e4rz 2020<\/strong><br \/>\n<strong>Fr. 17. April 2020 <\/strong><br \/>\n<strong>Fr. 15. Mai 2020<\/strong><\/p>\n<p><span style=\"color: #ff0000;\">(Bitte Mitfahrgelegenheiten erfragen)<\/span><\/p>\n<p><span style=\"color: #008000;\"><strong>DEUTSCH Sprachf\u00f6rderung<\/strong><\/span><\/p>\n<p><span style=\"text-decoration: underline;\">Pliezhausen (w\u00e4hrend der Schulzeit)<\/span><br \/>\nDienstags 16.00 \u2013 17.30 Uhr in der EmK (Esslinger Str. 24)<br \/>\nDonnerstags 09.30 &#8211; 11.00 Uhr in der EmK f\u00fcr Frauen, auch mit kleinen Kindern<\/p>\n<p><span style=\"color: #008000;\"><strong>Kleider- und Gebrauchsg\u00fcterabgabe<br \/>\n<\/strong><\/span><\/p>\n<p><strong>ACHTUNG: Wir haben\u00a0 k e i n e\u00a0 Kleiderannahme und Lagerm\u00f6glichkeit mehr!<br \/>\n<\/strong><\/p>\n<p><strong><em><span style=\"color: #008000;\">M\u00f6belspenden &#8230;<br \/>\n<\/span><\/em><\/strong><strong>Bitte Herrn Greiner im Rathaus kontaktieren<em><br \/>\n<\/em><\/strong>07127-977-124 Martin.Greiner@pliezhausen.de<\/p>\n<p><span style=\"color: #339966;\"><em><strong>TIPPS f\u00fcr Kleiderspenden:<\/strong><\/em><\/span><\/p>\n<p><strong>&#8222;Schatztruhe&#8220; Kirchentellinsfurt<br \/>\n<\/strong>Kirchfeldstra\u00dfe 1 (schr\u00e4g gegen\u00fcber Rathaus)<br \/>\nAnnahme freitags 16-19 Uhr (bitte keine gro\u00dfen M\u00e4nnergr\u00f6\u00dfen)<br \/>\n<strong><br \/>\nAWO Reutlingen, <\/strong>Unter den Linden<strong><br \/>\n<\/strong>Kleiderkammer Mo, Di, Do 8.30-12 Uhr<br \/>\n(<strong>AWO-Gesch\u00e4ftsstelle<\/strong> \/ Info \u00fcber 07121-23825)<strong><br \/>\n<\/strong><\/p>\n<p><strong>fairkauf &#8211; sozialer Kleiderladen (AWO) <\/strong>Unter den Linden<br \/>\n<a href=\"http:\/\/www.awo-reutlingen.org\/index.php\/ov-reutlingen\/fairkauf\" target=\"_blank\" rel=\"noopener noreferrer\">http:\/\/www.awo-reutlingen.org\/index.php\/ov-reutlingen\/fairkauf<\/a><strong><br \/>\n<\/strong><\/p>\n<p>Montag bis Freitag:\u00a0\u00a0\u00a0\u00a0\u00a0\u00a0\u00a0\u00a0 09.30 \u2013 12.00 Uhr<br \/>\nMontag bis Donnerstag: 13.30 \u2013 17.00 Uhr<br \/>\nFreitag:\u00a0\u00a0\u00a0\u00a0\u00a0\u00a0\u00a0\u00a0\u00a0\u00a0\u00a0\u00a0\u00a0\u00a0\u00a0\u00a0\u00a0\u00a0\u00a0\u00a0\u00a0\u00a0\u00a0\u00a0\u00a0\u00a0\u00a0\u00a0\u00a0\u00a0 13.30 \u2013 18:00 Uhr<\/p>\n<p><strong>\u00a0<\/strong><\/p>\n","protected":false},"excerpt":{"rendered":"<p>N\u00e4chste TERMINE: Unser &#8222;Caf\u00e9 International&#8220; \u00f6ffnen wir in der k\u00e4lteren Jahreszeit, also jetzt wieder, &#8222;Caf\u00e9 K\u00e4nnle&#8220;, zirka 1x im Monat freitags jeweils ab 15.30 Uhr Demn\u00e4chst also am Freitag, 08.11.2019 Die weiteren Termine auch wieder im K\u00e4nnle Fr. 13.Dez. 2019 Fr. 17. Jan. 2020 Fr. 14. Febr. 2020 Fr. 13. &hellip;<\/p>\n","protected":false},"author":1,"featured_media":0,"parent":0,"menu_order":0,"comment_status":"closed","ping_status":"closed","template":"","meta":{"footnotes":""},"class_list":["post-194","page","type-page","status-publish","hentry"],"_links":{"self":[{"href":"http:\/\/freundeskreis-asyl-pliezhausen.de\/index.php?rest_route=\/wp\/v2\/pages\/194","targetHints":{"allow":["GET"]}}],"collection":[{"href":"http:\/\/freundeskreis-asyl-pliezhausen.de\/index.php?rest_route=\/wp\/v2\/pages"}],"about":[{"href":"http:\/\/freundeskreis-asyl-pliezhausen.de\/index.php?rest_route=\/wp\/v2\/types\/page"}],"author":[{"embeddable":true,"href":"http:\/\/freundeskreis-asyl-pliezhausen.de\/index.php?rest_route=\/wp\/v2\/users\/1"}],"replies":[{"embeddable":true,"href":"http:\/\/freundeskreis-asyl-pliezhausen.de\/index.php?rest_route=%2Fwp%2Fv2%2Fcomments&post=194"}],"version-history":[{"count":25,"href":"http:\/\/freundeskreis-asyl-pliezhausen.de\/index.php?rest_route=\/wp\/v2\/pages\/194\/revisions"}],"predecessor-version":[{"id":924,"href":"http:\/\/freundeskreis-asyl-pliezhausen.de\/index.php?rest_route=\/wp\/v2\/pages\/194\/revisions\/924"}],"wp:attachment":[{"href":"http:\/\/freundeskreis-asyl-pliezhausen.de\/index.php?rest_route=%2Fwp%2Fv2%2Fmedia&parent=194"}],"curies":[{"name":"wp","href":"https:\/\/api.w.org\/{rel}","templated":true}]}}